{"id":14,"date":"2024-07-06T13:12:28","date_gmt":"2024-07-06T13:12:28","guid":{"rendered":"https:\/\/crystal-artscape.com\/?page_id=14"},"modified":"2025-06-12T15:17:32","modified_gmt":"2025-06-12T15:17:32","slug":"homepage","status":"publish","type":"page","link":"https:\/\/crystal-artscape.com\/homepage\/fr\/","title":{"rendered":"Homepage"},"content":{"rendered":"<p><\/p>\n\n\n\n<p class=\"has-text-align-center has-text-color\" style=\"color:#068cc0;font-size:clamp(20.515px, 1.282rem + ((1vw - 3.2px) * 1.301), 33px);font-style:normal;font-weight:300;line-height:1.3\">Dessins sur mesure et plus<\/p>\n\n\n\n<p class=\"has-text-align-center has-text-color has-link-color wp-elements-481178366fbea027953ca5f967bbd7fd\" style=\"color:#068cc0\">AGENCE CREATIVE SITUEE ENTRE <\/p>\n\n\n\n<p class=\"has-text-align-center has-text-color has-link-color wp-elements-89858f9bc2b31829381a8e68f7628440\" style=\"color:#068cc0\">GENEVE (Suisse) et CHAMONIX (France)<\/p>\n\n\n\n<p id=\"tw-target-text\">Les pigments de la pl\u00e9nitude, dilu\u00e9s dans la source de Vie colorent la toile, en trame de fond le lavis, discret et po\u00e9tique\u2026<br>Il est parsem\u00e9 de feuilles d\u2019or, ce sont des \u00e9clats de rires et des sourires, des caresses et des bons moments, des petits instants d\u2019Eternit\u00e9 qui p\u00e9tillent dans l\u2019existence\u2026<br><br>Le Trait, monochrome et fin, c\u2019est le temps qui passe inexorablement, soulignant le pr\u00e9cieux et la fragilit\u00e9 de l\u2019existence.<br><br>Que le voyage est beau<\/p>\n\n\n\n<div class=\"wp-block-group alignfull pattern_multiple_covers has-background has-global-padding is-layout-constrained wp-block-group-is-layout-constrained\" id=\"services\" style=\"background-color:#f8f8f8\">\n<div class=\"wp-block-columns is-layout-flex wp-container-core-columns-is-layout-28f84493 wp-block-columns-is-layout-flex\">\n<div class=\"wp-block-column is-layout-flow wp-block-column-is-layout-flow\" style=\"flex-basis:33.33%\">\n<h2 class=\"wp-block-heading has-secondary-color has-text-color has-link-color wp-elements-5ce2b2e35e9bc0d0657bad9c714a3b74\">TRAVAILLONS ENSEMBLE<\/h2>\n<\/div>\n\n\n\n<div class=\"wp-block-column is-layout-flow wp-block-column-is-layout-flow\" style=\"flex-basis:66.66%\">\n<h2 class=\"wp-block-heading has-text-color has-link-color wp-elements-93372bc4111f337d484d386fa14c95c4\" style=\"color:#a2a2a6\"><\/h2>\n<\/div>\n<\/div>\n\n\n\n<p class=\"has-text-align-left has-tertiary-color has-text-color\" style=\"letter-spacing:1px\"><\/p>\n\n\n\n<p>Pourquoi ne pas essayer nos services sur mesure pour une exp\u00e9rience unique? Essayez nos dessins customis\u00e9s<\/p>\n\n\n\n<p>Des cadeaux sp\u00e9ciaux, des occasions uniques, D\u00e9corez votre maison\/bureau\/cabinet, Personalisez votre shop<\/p>\n\n\n\n<p>Nous sommes pr\u00eats \u00e0 r\u00e9aliser vos r\u00eaves (artistiques) les plus fous. Etonnez vous avec un nouveau concept et challengez notre savoir-faire<\/p>\n\n\n\n<p class=\"has-secondary-color has-text-color has-link-color wp-elements-24964155c4ba1e4dce8ca0aa3ab93970\">DECOUVREZ NOTRE TRAVAIL<\/p>\n\n\n\n<div class=\"wp-block-columns is-layout-flex wp-container-core-columns-is-layout-28f84493 wp-block-columns-is-layout-flex\">\n<div class=\"wp-block-column is-vertically-aligned-stretch is-layout-flow wp-block-column-is-layout-flow\" style=\"padding-top:0;padding-right:0;padding-bottom:0;padding-left:0\">\n<div class=\"wp-block-cover has-custom-content-position is-position-bottom-left\" style=\"padding-top:var(--wp--preset--spacing--small);padding-right:var(--wp--preset--spacing--x-small);padding-bottom:var(--wp--preset--spacing--small);padding-left:var(--wp--preset--spacing--x-small);min-height:172px;aspect-ratio:unset;\"><img loading=\"lazy\" decoding=\"async\" width=\"1751\" height=\"2560\" class=\"wp-block-cover__image-background wp-image-43\" alt=\"\" src=\"https:\/\/crystal-artscape.com\/wp-content\/uploads\/2024\/07\/20231214_205710-01-scaled.jpeg\" data-object-fit=\"cover\" srcset=\"https:\/\/crystal-artscape.com\/wp-content\/uploads\/2024\/07\/20231214_205710-01-scaled.jpeg 1751w, https:\/\/crystal-artscape.com\/wp-content\/uploads\/2024\/07\/20231214_205710-01-205x300.jpeg 205w, https:\/\/crystal-artscape.com\/wp-content\/uploads\/2024\/07\/20231214_205710-01-700x1024.jpeg 700w, https:\/\/crystal-artscape.com\/wp-content\/uploads\/2024\/07\/20231214_205710-01-2000x2925.jpeg 2000w\" sizes=\"auto, (max-width: 1751px) 100vw, 1751px\" \/><span aria-hidden=\"true\" class=\"wp-block-cover__background has-background-dim-40 has-background-dim\"><\/span><div class=\"wp-block-cover__inner-container is-layout-flow wp-block-cover-is-layout-flow\">\n<h3 class=\"wp-block-heading has-white-color has-text-color has-medium-font-size\" style=\"margin-top:0;margin-right:0;margin-bottom:0;margin-left:0\"><a href=\"https:\/\/crystal-artscape.com\/about\/\" data-type=\"page\" data-id=\"15\">PORTFOLIO: Custom Drawings, Watercolors<\/a><\/h3>\n\n\n\n<p class=\"has-secondary-color has-text-color has-link-color wp-elements-0807a00f3289b5449f0a81c6385faef3\" style=\"margin-top:0;margin-right:0;margin-bottom:0;margin-left:0\"><a href=\"https:\/\/crystal-artscape.com\/about\/#Custom-Requests\" data-type=\"link\" data-id=\"https:\/\/crystal-artscape.com\/about\/#Custom-Requests\">Explorez <\/a><a href=\"#\">\u2192<\/a><\/p>\n<\/div><\/div>\n<\/div>\n<\/div>\n<\/div>\n\n\n\n<div class=\"wp-block-group alignfull has-global-padding is-layout-constrained wp-block-group-is-layout-constrained\">\n<div class=\"wp-block-group has-global-padding is-layout-constrained wp-block-group-is-layout-constrained\" style=\"padding-top:var(--wp--preset--spacing--small);padding-bottom:var(--wp--preset--spacing--small)\">\n<h2 class=\"wp-block-heading has-secondary-color has-text-color has-link-color wp-elements-919dff4f9f0b0f930f1c45dbb5bd1df7\">QUI SOMMES NOUS<\/h2>\n\n\n\n<p>Agence de cr\u00e9ation situ\u00e9e proche de Geneve<\/p>\n\n\n\n<p>Essayer de combiner la science et l'art? Cela peut \u00eatre un challenge. Qu'est-ce que cela a \u00e0 faire avec l'aquarelle? Vous pourriez le d\u00e9couvrir.<\/p>\n<\/div>\n<\/div>\n\n\n\n<div id=\"team\" class=\"wp-block-group has-global-padding is-layout-constrained wp-block-group-is-layout-constrained\">\n<div class=\"wp-block-group is-layout-flow wp-block-group-is-layout-flow\">\n<p class=\"has-secondary-color has-text-color has-link-color wp-elements-5e1e51f0269c7f33cc9d11b1f7d0995b\">D\u00e9couvrez notre team<\/p>\n\n\n\n<div style=\"height:0px\" aria-hidden=\"true\" class=\"wp-block-spacer\"><\/div>\n\n\n\n<div class=\"wp-block-columns is-layout-flex wp-container-core-columns-is-layout-28f84493 wp-block-columns-is-layout-flex\">\n<div class=\"wp-block-column is-style-default is-layout-flow wp-block-column-is-layout-flow\" style=\"border-style:none;border-width:0px;padding-top:0;padding-right:0;padding-bottom:0;padding-left:0\">\n<figure class=\"wp-block-image alignleft size-full is-resized is-style-default\"><img loading=\"lazy\" decoding=\"async\" width=\"525\" height=\"678\" src=\"https:\/\/crystal-artscape.com\/wp-content\/uploads\/2024\/07\/FB_IMG_1720867810617-edited.jpg\" alt=\"\" class=\"wp-image-151\" style=\"width:150px;height:auto\" srcset=\"https:\/\/crystal-artscape.com\/wp-content\/uploads\/2024\/07\/FB_IMG_1720867810617-edited.jpg 525w, https:\/\/crystal-artscape.com\/wp-content\/uploads\/2024\/07\/FB_IMG_1720867810617-edited-232x300.jpg 232w, https:\/\/crystal-artscape.com\/wp-content\/uploads\/2024\/07\/FB_IMG_1720867810617-edited-9x12.jpg 9w\" sizes=\"auto, (max-width: 525px) 100vw, 525px\" \/><\/figure>\n\n\n\n<h3 class=\"wp-block-heading has-text-color has-link-color wp-elements-a162dde37fc06853211a7107ee365528\" style=\"color:#0b6fb5\">Christel<\/h3>\n\n\n\n<p class=\"has-text-color has-link-color wp-elements-cce19483f9ac2337b0567451096c417e\" style=\"color:#0b6fb5\">Fondatrice<\/p>\n\n\n\n<p id=\"tw-target-text\">Ing\u00e9nieure de formation, diplom\u00e9e en Sciences de l\u2019Eau et Chimie\/Biochimie, Chris a un pied dans l\u2019ing\u00e9nierie. Comment concilier Sciences et Art, Logique et Intuition? Pour savoir qui je suis, voir la page  <a href=\"https:\/\/crystal-artscape.com\/about-me\/\" data-type=\"page\" data-id=\"103\">About Me<\/a>.<\/p>\n<\/div>\n\n\n\n<div class=\"wp-block-column is-style-default is-layout-flow wp-block-column-is-layout-flow\" style=\"border-style:none;border-width:0px;padding-top:0;padding-right:0;padding-bottom:0;padding-left:0\">\n<figure class=\"wp-block-image alignleft size-full is-resized\"><img loading=\"lazy\" decoding=\"async\" width=\"311\" height=\"435\" src=\"https:\/\/crystal-artscape.com\/wp-content\/uploads\/2024\/07\/Lucky-2.jpg\" alt=\"\" class=\"wp-image-120\" style=\"width:137px;height:auto\" srcset=\"https:\/\/crystal-artscape.com\/wp-content\/uploads\/2024\/07\/Lucky-2.jpg 311w, https:\/\/crystal-artscape.com\/wp-content\/uploads\/2024\/07\/Lucky-2-214x300.jpg 214w, https:\/\/crystal-artscape.com\/wp-content\/uploads\/2024\/07\/Lucky-2-9x12.jpg 9w\" sizes=\"auto, (max-width: 311px) 100vw, 311px\" \/><\/figure>\n\n\n\n<h3 class=\"wp-block-heading has-text-color has-link-color wp-elements-4443816b612d43050d1b67f88dec90a7\" style=\"color:#0b6fb5\">Lucky<\/h3>\n\n\n\n<p class=\"has-text-color has-link-color wp-elements-64af3848b0c49575fbbb528306845446\" style=\"color:#0b6fb5\">Chief Happiness Officer\/ Service Clients<\/p>\n\n\n\n<p id=\"tw-target-text\">Lucky CHO Lucky, par son enthousiasme sans bornes, est un des moteurs de la boite. Il apporte beaucoup de joie dans l'entreprise et de ce fait contribue \u00e0 l'esprit d'\u00e9quipe.\n\nD'un naturel social, il est au front, en relation directe avec la client\u00e8le et s'occupe du support client, c'est un expert dans la r\u00e9solution de probl\u00e8mes de par sa nature cr\u00e9ative.<\/p>\n<\/div>\n\n\n\n<div class=\"wp-block-column is-style-default is-layout-flow wp-block-column-is-layout-flow\" style=\"border-style:none;border-width:0px;padding-top:0;padding-right:0;padding-bottom:0;padding-left:0\">\n<figure class=\"wp-block-image alignleft size-full is-resized\"><img loading=\"lazy\" decoding=\"async\" width=\"720\" height=\"1080\" src=\"https:\/\/crystal-artscape.com\/wp-content\/uploads\/2024\/07\/FB_IMG_1720867598601-1.jpg\" alt=\"\" class=\"wp-image-117\" style=\"width:127px;height:auto\" srcset=\"https:\/\/crystal-artscape.com\/wp-content\/uploads\/2024\/07\/FB_IMG_1720867598601-1.jpg 720w, https:\/\/crystal-artscape.com\/wp-content\/uploads\/2024\/07\/FB_IMG_1720867598601-1-200x300.jpg 200w, https:\/\/crystal-artscape.com\/wp-content\/uploads\/2024\/07\/FB_IMG_1720867598601-1-683x1024.jpg 683w, https:\/\/crystal-artscape.com\/wp-content\/uploads\/2024\/07\/FB_IMG_1720867598601-1-8x12.jpg 8w\" sizes=\"auto, (max-width: 720px) 100vw, 720px\" \/><\/figure>\n\n\n\n<h3 class=\"wp-block-heading has-text-color has-link-color wp-elements-34d2c8b9c0e66235a27a668d1a87907d\" style=\"color:#0b6fb5\">Zya<\/h3>\n\n\n\n<p class=\"has-text-color has-link-color wp-elements-f456ca1c96be22dd8edf6c61dfe1441c\" style=\"color:#0b6fb5\">Consultante\/Ing\u00e9nieure Touristique<\/p>\n\n\n\n<p id=\"tw-target-text\">Zya is a perfect Border Collie, empathetic but introverted, and very playful. She contributes to the company&#8217;s balance. She is a power workhorse through her discipline and dedication.<br><br>As a backup, she helps us define the locations that will be illustrated.<\/p>\n\n\n\n<hr class=\"wp-block-separator has-text-color has-background-color has-alpha-channel-opacity has-background-background-color has-background is-style-wide\"\/>\n<\/div>\n<\/div>\n<\/div>\n\n\n\n<div class=\"wp-block-columns is-layout-flex wp-container-core-columns-is-layout-28f84493 wp-block-columns-is-layout-flex\">\n<div class=\"wp-block-column is-layout-flow wp-block-column-is-layout-flow\">\n<p class=\"has-small-font-size\"><\/p>\n<\/div>\n<\/div>\n<\/div>\n\n\n\n<div class=\"wp-block-cover alignfull has-parallax is-position-center-center\" style=\"border-radius:0px;min-height:277px;aspect-ratio:unset;\"><div class=\"wp-block-cover__image-background wp-image-24 has-parallax\" style=\"background-position:50% 50%;background-image:url(https:\/\/crystal-artscape.com\/wp-content\/themes\/inspiro\/assets\/images\/StockSnap_89BQZ89TLH.jpg)\"><\/div><span aria-hidden=\"true\" class=\"wp-block-cover__background has-black-background-color has-background-dim-40 has-background-dim\"><\/span><div class=\"wp-block-cover__inner-container is-layout-flow wp-block-cover-is-layout-flow\">\n<div class=\"wp-block-group has-global-padding is-layout-constrained wp-block-group-is-layout-constrained\">\n<h3 class=\"wp-block-heading has-text-align-center has-text-color has-medium-font-size\" style=\"color:#fffffa;text-transform:uppercase\">TCHATCHONS<\/h3>\n\n\n\n<p class=\"has-text-align-center has-white-color has-text-color\">N'h\u00e9sitez pas a nous contacter<\/p>\n\n\n\n<p class=\"has-text-align-center has-white-color has-text-color\">Nous pourrions parler de votre prochain projet<\/p>\n\n\n\n<div class=\"wp-block-buttons is-horizontal is-content-justification-center is-layout-flex wp-container-core-buttons-is-layout-03627597 wp-block-buttons-is-layout-flex\">\n<div class=\"wp-block-button is-style-outline is-style-outline--2\"><a class=\"wp-block-button__link has-white-color has-text-color wp-element-button\" href=\"https:\/\/crystal-artscape.com\/contact-2\/\" style=\"border-radius:0px\">CONTACT<\/a><\/div>\n<\/div>\n<\/div>\n<\/div><\/div>","protected":false},"excerpt":{"rendered":"<p>Custom Paintings and more&#8230; CREATIVE AGENCY LOCATED BETWEEN GENEVA (Switzerland) AND CHAMONIX (France) On the canvas, the pigments of plenitude are diluted in the source of Life, the wash-drawing is in the background, discreet and poetic\u2026The painting is dotted with gold leaves, which represent bursts of laughter and smiles, caresses and good times, small moments &hellip; <\/p>\n<p class=\"link-more\"><a href=\"https:\/\/crystal-artscape.com\/homepage\/fr\/\" class=\"more-link\">Lire la suite de<span class=\"screen-reader-text\">\u00ab\u00a0Homepage\u00a0\u00bb<\/span><\/a><\/p>","protected":false},"author":1,"featured_media":0,"parent":0,"menu_order":0,"comment_status":"closed","ping_status":"closed","template":"page-templates\/full-width-builder-bb.php","meta":{"footnotes":""},"class_list":["post-14","page","type-page","status-publish","hentry"],"_links":{"self":[{"href":"https:\/\/crystal-artscape.com\/homepage\/fr\/wp-json\/wp\/v2\/pages\/14","targetHints":{"allow":["GET"]}}],"collection":[{"href":"https:\/\/crystal-artscape.com\/homepage\/fr\/wp-json\/wp\/v2\/pages"}],"about":[{"href":"https:\/\/crystal-artscape.com\/homepage\/fr\/wp-json\/wp\/v2\/types\/page"}],"author":[{"embeddable":true,"href":"https:\/\/crystal-artscape.com\/homepage\/fr\/wp-json\/wp\/v2\/users\/1"}],"replies":[{"embeddable":true,"href":"https:\/\/crystal-artscape.com\/homepage\/fr\/wp-json\/wp\/v2\/comments?post=14"}],"version-history":[{"count":80,"href":"https:\/\/crystal-artscape.com\/homepage\/fr\/wp-json\/wp\/v2\/pages\/14\/revisions"}],"predecessor-version":[{"id":503,"href":"https:\/\/crystal-artscape.com\/homepage\/fr\/wp-json\/wp\/v2\/pages\/14\/revisions\/503"}],"wp:attachment":[{"href":"https:\/\/crystal-artscape.com\/homepage\/fr\/wp-json\/wp\/v2\/media?parent=14"}],"curies":[{"name":"wp","href":"https:\/\/api.w.org\/{rel}","templated":true}]}}